{"id":11,"date":"2025-11-24T16:58:36","date_gmt":"2025-11-24T16:58:36","guid":{"rendered":"https:\/\/mcsportedge.com\/?page_id=11"},"modified":"2025-12-02T05:01:44","modified_gmt":"2025-12-02T05:01:44","slug":"contact","status":"publish","type":"page","link":"https:\/\/mcsportedge.com\/en\/contact\/","title":{"rendered":"Contact"},"content":{"rendered":"<!DOCTYPE html>\n<html lang=\"fr\">\n<head>\n  <meta charset=\"UTF-8\" \/>\n  <title>Contact \u2013 MC Sport<\/title>\n  <meta name=\"viewport\" content=\"width=device-width, initial-scale=1.0\" \/>\n  <style>\n    :root {\n      --mc-bg: #FDFBF3;        \/* Fond beige cr\u00e8me *\/\n      --mc-bg-soft: #070a11;   \/* Fond des cartes fonc\u00e9es *\/\n      --mc-text: #111827;      \/* Texte principal fonc\u00e9 *\/\n      --mc-text-muted: #4b5563;\n      --mc-accent: #E2D385;\n      --mc-border: #e5e7eb;\n      --mc-max-width: 1120px;\n    }\n\n    html, body {\n      margin: 0;\n      padding: 0;\n      background: var(--mc-bg) !important;\n      color: var(--mc-text);\n      font-family: system-ui, -apple-system, BlinkMacSystemFont, \"Segoe UI\", sans-serif;\n    }\n\n    .site,\n    .ct-main,\n    .ct-pageContent,\n    .entry-content {\n      background: var(--mc-bg) !important;\n    }\n\n    * {\n      box-sizing: border-box;\n    }\n\n    a {\n      color: var(--mc-accent);\n      text-decoration: none;\n    }\n\n    a:hover {\n      text-decoration: underline;\n    }\n\n    .mc-container {\n      max-width: var(--mc-max-width);\n      margin: 0 auto;\n      padding: 0 16px;\n    }\n\n    .mc-contact-page section {\n      padding: 56px 0;\n      border-bottom: 1px solid var(--mc-border);\n    }\n\n    h1, h2, h3 {\n      margin: 0 0 12px;\n      font-weight: 700;\n      color: #111827;\n    }\n\n    h1 {\n      font-size: 28px;\n      letter-spacing: 0.08em;\n      text-transform: uppercase;\n    }\n\n    h2 {\n      font-size: 22px;\n      margin-bottom: 18px;\n    }\n\n    h3 {\n      font-size: 16px;\n      margin-bottom: 6px;\n    }\n\n    p {\n      margin: 0 0 12px;\n      color: var(--mc-text-muted);\n      line-height: 1.6;\n    }\n\n    .mc-tag {\n  display: inline-flex;\n  align-items: center;\n  gap: 6px;\n  font-size: 11px;\n  letter-spacing: 0.18em;\n  text-transform: uppercase;\n  color: #111827;          \/* \ud83d\udc49 texte \"\u00c0 propos\" en noir *\/\n  margin-bottom: 6px;\n}\n\n.mc-tag .dot {\n  width: 8px;\n  height: 8px;\n  border-radius: 999px;\n  background: #111827;     \/* \ud83d\udc49 point noir *\/\n  box-shadow: none;        \/* optionnel : on enl\u00e8ve le glow dor\u00e9 *\/\n}\n\n    .mc-columns-2 {\n      display: grid;\n      grid-template-columns: minmax(0, 1.4fr) minmax(0, 1.1fr);\n      gap: 28px;\n      align-items: flex-start;\n    }\n\n    \/* Carte coordonn\u00e9s \u2013 fond fonc\u00e9 sur fond cr\u00e8me *\/\n    .mc-card {\n      background: #000000;\n      border-radius: 16px;\n      border: 1px solid #272b37;\n      padding: 18px 20px;\n      color: #f9fafb;\n      box-shadow: 0 10px 26px rgba(15,23,42,0.35);\n    }\n\n    .mc-card p {\n      color: #d1d5db;\n    }\n\n    .mc-card h2 {\n      color: #f9fafb;\n    }\n\n    .mc-info-list {\n      list-style: none;\n      padding: 0;\n      margin: 0;\n      font-size: 14px;\n      color: #d1d5db;\n    }\n\n    .mc-info-list li {\n      margin-bottom: 10px;\n    }\n\n    .mc-info-label {\n      display: block;\n      font-size: 12px;\n      text-transform: uppercase;\n      letter-spacing: 0.14em;\n      color: #9ca3af;\n    }\n\n    .mc-info-value {\n      color: #f9fafb;\n      font-size: 14px;\n    }\n\n    .mc-pill {\n      display: inline-flex;\n      align-items: center;\n      gap: 6px;\n      border-radius: 999px;\n      padding: 4px 10px;\n      font-size: 11px;\n      text-transform: uppercase;\n      letter-spacing: 0.12em;\n      border: 1px solid #d1d5db;\n      color: #4b5563;\n      margin-right: 6px;\n      margin-bottom: 6px;\n      background: rgba(249,250,251,0.9);\n    }\n\n    .mc-pill-dot {\n      width: 6px;\n      height: 6px;\n      border-radius: 999px;\n      background: var(--mc-accent);\n    }\n\n    .mc-contact-note {\n      font-size: 13px;\n      color: var(--mc-text-muted);\n      margin-top: 10px;\n      margin-bottom: 14px;\n    }\n\n    .mc-cta-final {\n      text-align: center;\n      max-width: 720px;\n      margin: 0 auto;\n    }\n\n    .mc-cta-final h2 {\n      margin-bottom: 10px;\n      font-size: 21px;\n    }\n\n    .mc-cta-final p {\n      margin-bottom: 6px;\n    }\n\n    @media (max-width: 900px) {\n      .mc-columns-2 {\n        grid-template-columns: 1fr;\n      }\n\n      .mc-contact-page section {\n        padding: 40px 0;\n      }\n\n      h1 {\n        font-size: 24px;\n      }\n    }\n\n    \/* =========\n       FORMULAIRE : CARTE BLANCHE\n       ========= *\/\n\n    .mc-contact-form-wrapper {\n      background: #ffffff;\n      border: 1px solid #e5e7eb;\n      color: #111827;\n      padding: 18px 20px 20px;\n    }\n\n    .mc-contact-form-wrapper h2,\n    .mc-contact-form-wrapper p {\n      color: #111827;\n    }\n\n    .mc-contact-form-wrapper form {\n      display: grid;\n      gap: 10px;\n      font-size: 14px;\n    }\n\n    .mc-contact-form-wrapper label {\n      font-size: 13px;\n      margin-bottom: 2px;\n      display: block;\n      color: #374151;\n    }\n\n    .mc-contact-form-wrapper input,\n    .mc-contact-form-wrapper select,\n    .mc-contact-form-wrapper textarea {\n      width: 100%;\n      border-radius: 10px;\n      border: 1px solid #d1d5db;\n      background: #f9fafb;\n      color: #111827;\n      padding: 8px 10px;\n      font-size: 14px;\n    }\n\n    .mc-contact-form-wrapper input::placeholder,\n    .mc-contact-form-wrapper textarea::placeholder {\n      color: #9ca3af;\n    }\n\n    .mc-contact-form-wrapper .wpforms-field-label,\n    .mc-contact-form-wrapper .wpforms-field-sublabel {\n      color: #374151 !important;\n    }\n\n    .mc-contact-form-wrapper .wpforms-submit,\n    .mc-contact-form-wrapper input[type=\"submit\"],\n    .mc-contact-form-wrapper button {\n      border-radius: 999px !important;\n      border: 1px solid #E2D385 !important;\n      background: #E2D385 !important;\n      color: #050608 !important;\n      padding: 9px 18px !important;\n      font-weight: 600 !important;\n      cursor: pointer !important;\n      transition: all 0.18s ease !important;\n    }\n\n    .mc-contact-form-wrapper .wpforms-submit:hover,\n    .mc-contact-form-wrapper input[type=\"submit\"]:hover,\n    .mc-contact-form-wrapper button:hover {\n      filter: brightness(0.92) !important;\n    }\n\n    .mc-contact-form-wrapper .wpforms-error,\n    .mc-contact-form-wrapper .wpforms-field.wpforms-has-error label,\n    .mc-contact-form-wrapper .wpforms-field.wpforms-has-error .wpforms-field-label {\n      color: #b91c1c !important;\n    }\n\n    .mc-contact-form-wrapper .wpforms-field.wpforms-has-error input,\n    .mc-contact-form-wrapper .wpforms-field.wpforms-has-error textarea,\n    .mc-contact-form-wrapper .wpforms-field.wpforms-has-error select {\n      border-color: #b91c1c !important;\n      background: #fef2f2 !important;\n    }\n\n    .mc-contact-form-wrapper .wpforms-confirmation-container-full {\n      background: rgba(34,197,94,0.08) !important;\n      border: 1px solid #16a34a !important;\n      color: #166534 !important;\n      border-radius: 10px !important;\n      padding: 10px 12px !important;\n      margin-top: 10px !important;\n      font-size: 13px !important;\n    }\n\n    \/* =========\n       PHOTO CONTACT (colonne gauche)\n       ========= *\/\n\n    .mc-contact-photo {\n      border-radius: 16px;\n      overflow: hidden;\n      border: 1px solid var(--mc-border);\n      margin-top: 8px;\n    }\n\n    .mc-contact-photo img {\n      width: 100%;\n      height: 600px; \/* hauteur cible pour la photo verticale *\/\n      object-fit: cover;\n      display: block;\n    }\n\n    @media (max-width: 900px) {\n      .mc-contact-photo img {\n        height: 420px;\n      }\n    }\n  <\/style>\n<\/head>\n<body>\n<div class=\"mc-contact-page\">\n\n  <!-- SECTION HERO CONTACT -->\n  <section>\n    <div class=\"mc-container mc-columns-2\">\n      <!-- Colonne gauche : texte + grande photo verticale -->\n      <div>\n        <div class=\"mc-tag\">\n          <span class=\"dot\"><\/span>\n          <span>Contact<\/span>\n        <\/div>\n        <h1>Let\u2019s talk about your event<\/h1>\n        <p>\n          Are you planning a race, a series, or a championship and looking for reliable timing, professional announcing, or a combined package? Fill out the form and we\u2019ll get back to you quickly with the next steps.\n        <\/p>\n        <p>\n          The more details you share upfront (sport, date, location, event size), the easier it is for us to reply with a clear, tailored proposal.\n        <\/p>\n\n        <div style=\"margin-top:18px;\">\n          <span class=\"mc-pill\">\n            <span class=\"mc-pill-dot\"><\/span>\n            Timing Division\n          <\/span>\n          <span class=\"mc-pill\">\n            <span class=\"mc-pill-dot\"><\/span>\n            Announcing Division\n          <\/span>\n          <span class=\"mc-pill\">\n            <span class=\"mc-pill-dot\"><\/span>\n            Combined package\n          <\/span>\n        <\/div>\n\n        <div class=\"mc-contact-photo\">\n          <img decoding=\"async\" src=\"\/wp-content\/Image%20Site%20Web\/contact.jpg\" alt=\"\u00c9v\u00e9nement chronom\u00e9tr\u00e9 par MC Sport\" \/>\n        <\/div>\n      <\/div>\n\n      <!-- COLONNE FORMULAIRE (BLANCHE) -->\n      <div class=\"mc-card mc-contact-form-wrapper\">\n        <h2>Request form<\/h2>\n        <p>\n          Give us an overview of your project. We\u2019ll use this information as a starting point for the next steps.\n        <\/p>\n\n        <style id=\"wpforms-css-vars-108\">\n\t\t\t\t#wpforms-108 {\n\t\t\t\t--wpforms-container-padding: 0px;\n--wpforms-container-border-width: 1px;\n--wpforms-container-border-radius: 3px;\n--wpforms-background-color: rgba(0, 0, 0, 0);\n--wpforms-field-size-input-height: 43px;\n--wpforms-field-size-input-spacing: 15px;\n--wpforms-field-size-font-size: 16px;\n--wpforms-field-size-line-height: 19px;\n--wpforms-field-size-padding-h: 14px;\n--wpforms-field-size-checkbox-size: 16px;\n--wpforms-field-size-sublabel-spacing: 5px;\n--wpforms-field-size-icon-size: 1;\n--wpforms-label-size-font-size: 16px;\n--wpforms-label-size-line-height: 19px;\n--wpforms-label-size-sublabel-font-size: 14px;\n--wpforms-label-size-sublabel-line-height: 17px;\n--wpforms-button-size-font-size: 17px;\n--wpforms-button-size-height: 41px;\n--wpforms-button-size-padding-h: 15px;\n--wpforms-button-size-margin-top: 10px;\n--wpforms-container-shadow-size-box-shadow: none;\n\t\t\t}\n\t\t\t<\/style><div class=\"wpforms-container wpforms-container-full wpforms-render-modern\" id=\"wpforms-108\"><form id=\"wpforms-form-108\" class=\"wpforms-validate wpforms-form wpforms-ajax-form\" data-formid=\"108\" method=\"post\" enctype=\"multipart\/form-data\" action=\"\/en\/wp-json\/wp\/v2\/pages\/11\" data-token=\"80a568ec91a595abe88f433ce96037c6\" data-token-time=\"1777447241\" data-trp-original-action=\"\/en\/wp-json\/wp\/v2\/pages\/11\"><noscript class=\"wpforms-error-noscript\">Please enable JavaScript in your browser to complete this form.<\/noscript><div id=\"wpforms-error-noscript\" style=\"display: none;\">Please enable JavaScript in your browser to complete this form.<\/div><div class=\"wpforms-field-container\"><div id=\"wpforms-108-field_1-container\" class=\"wpforms-field wpforms-field-name\" data-field-id=\"1\"><fieldset><legend class=\"wpforms-field-label\">Full name <span class=\"wpforms-required-label\" aria-hidden=\"true\">*<\/span><\/legend><div class=\"wpforms-field-row wpforms-field-medium\"><div class=\"wpforms-field-row-block wpforms-first wpforms-one-half\"><input type=\"text\" id=\"wpforms-108-field_1\" class=\"wpforms-field-name-first wpforms-field-required\" name=\"wpforms[fields][1][first]\" value=\"Pr\u00e9nom\" aria-errormessage=\"wpforms-108-field_1-error\" required><label for=\"wpforms-108-field_1\" class=\"wpforms-field-sublabel after wpforms-sublabel-hide\">First<\/label><\/div><div class=\"wpforms-field-row-block wpforms-one-half\"><input type=\"text\" id=\"wpforms-108-field_1-last\" class=\"wpforms-field-name-last wpforms-field-required\" name=\"wpforms[fields][1][last]\" value=\"Nom\" aria-errormessage=\"wpforms-108-field_1-last-error\" required><label for=\"wpforms-108-field_1-last\" class=\"wpforms-field-sublabel after wpforms-sublabel-hide\">Last<\/label><\/div><\/div><\/fieldset><\/div><div id=\"wpforms-108-field_2-container\" class=\"wpforms-field wpforms-field-email\" data-field-id=\"2\"><label class=\"wpforms-field-label\" for=\"wpforms-108-field_2\">Email <span class=\"wpforms-required-label\" aria-hidden=\"true\">*<\/span><\/label><input type=\"email\" id=\"wpforms-108-field_2\" class=\"wpforms-field-medium wpforms-field-required\" name=\"wpforms[fields][2]\" spellcheck=\"false\" aria-errormessage=\"wpforms-108-field_2-error\" required><\/div><div id=\"wpforms-108-field_11-container\" class=\"wpforms-field wpforms-field-text\" data-field-id=\"11\"><label class=\"wpforms-field-label\" for=\"wpforms-108-field_11\">Phone <span class=\"wpforms-required-label\" aria-hidden=\"true\">*<\/span><\/label><input type=\"text\" id=\"wpforms-108-field_11\" class=\"wpforms-field-medium wpforms-field-required\" name=\"wpforms[fields][11]\" aria-errormessage=\"wpforms-108-field_11-error\" required><\/div><div id=\"wpforms-108-field_4-container\" class=\"wpforms-field wpforms-field-text\" data-field-id=\"4\"><label class=\"wpforms-field-label\" for=\"wpforms-108-field_4\">Organization \/ Club \/ Federation <span class=\"wpforms-required-label\" aria-hidden=\"true\">*<\/span><\/label><input type=\"text\" id=\"wpforms-108-field_4\" class=\"wpforms-field-medium wpforms-field-required\" name=\"wpforms[fields][4]\" aria-errormessage=\"wpforms-108-field_4-error\" required><\/div><div id=\"wpforms-108-field_5-container\" class=\"wpforms-field wpforms-field-text\" data-field-id=\"5\"><label class=\"wpforms-field-label\" for=\"wpforms-108-field_5\">Event name <span class=\"wpforms-required-label\" aria-hidden=\"true\">*<\/span><\/label><input type=\"text\" id=\"wpforms-108-field_5\" class=\"wpforms-field-medium wpforms-field-required\" name=\"wpforms[fields][5]\" aria-errormessage=\"wpforms-108-field_5-error\" required><\/div><div id=\"wpforms-108-field_6-container\" class=\"wpforms-field wpforms-field-text\" data-field-id=\"6\"><label class=\"wpforms-field-label\" for=\"wpforms-108-field_6\">Event date (or date range) <span class=\"wpforms-required-label\" aria-hidden=\"true\">*<\/span><\/label><input type=\"text\" id=\"wpforms-108-field_6\" class=\"wpforms-field-medium wpforms-field-required\" name=\"wpforms[fields][6]\" aria-errormessage=\"wpforms-108-field_6-error\" required><\/div><div id=\"wpforms-108-field_7-container\" class=\"wpforms-field wpforms-field-text\" data-field-id=\"7\"><label class=\"wpforms-field-label\" for=\"wpforms-108-field_7\">Location <span class=\"wpforms-required-label\" aria-hidden=\"true\">*<\/span><\/label><input type=\"text\" id=\"wpforms-108-field_7\" class=\"wpforms-field-medium wpforms-field-required\" name=\"wpforms[fields][7]\" aria-errormessage=\"wpforms-108-field_7-error\" required><\/div><div id=\"wpforms-108-field_8-container\" class=\"wpforms-field wpforms-field-radio\" data-field-id=\"8\"><fieldset><legend class=\"wpforms-field-label\">Sport <span class=\"wpforms-required-label\" aria-hidden=\"true\">*<\/span><\/legend><ul id=\"wpforms-108-field_8\" class=\"wpforms-field-required\"><li class=\"choice-1 depth-1 wpforms-selected\"><input type=\"radio\" id=\"wpforms-108-field_8_1\" name=\"wpforms[fields][8]\" value=\"Cyclisme\" aria-errormessage=\"wpforms-108-field_8_1-error\" required checked='checked'><label class=\"wpforms-field-label-inline\" for=\"wpforms-108-field_8_1\">Cycling<\/label><\/li><li class=\"choice-2 depth-1\"><input type=\"radio\" id=\"wpforms-108-field_8_2\" name=\"wpforms[fields][8]\" value=\"Course \u00e0 pied\" aria-errormessage=\"wpforms-108-field_8_2-error\" required><label class=\"wpforms-field-label-inline\" for=\"wpforms-108-field_8_2\">Running<\/label><\/li><li class=\"choice-3 depth-1\"><input type=\"radio\" id=\"wpforms-108-field_8_3\" name=\"wpforms[fields][8]\" value=\"Trail\" aria-errormessage=\"wpforms-108-field_8_3-error\" required><label class=\"wpforms-field-label-inline\" for=\"wpforms-108-field_8_3\">Trail<\/label><\/li><li class=\"choice-5 depth-1\"><input type=\"radio\" id=\"wpforms-108-field_8_5\" name=\"wpforms[fields][8]\" value=\"Hyrox\" aria-errormessage=\"wpforms-108-field_8_5-error\" required><label class=\"wpforms-field-label-inline\" for=\"wpforms-108-field_8_5\">HYROX<\/label><\/li><li class=\"choice-6 depth-1\"><input type=\"radio\" id=\"wpforms-108-field_8_6\" name=\"wpforms[fields][8]\" value=\"Triathlon\" aria-errormessage=\"wpforms-108-field_8_6-error\" required><label class=\"wpforms-field-label-inline\" for=\"wpforms-108-field_8_6\">Triathlon<\/label><\/li><li class=\"choice-8 depth-1\"><input type=\"radio\" id=\"wpforms-108-field_8_8\" name=\"wpforms[fields][8]\" value=\"Patinage de vitesse\" aria-errormessage=\"wpforms-108-field_8_8-error\" required><label class=\"wpforms-field-label-inline\" for=\"wpforms-108-field_8_8\">Short Track<\/label><\/li><li class=\"choice-9 depth-1 wpforms-other-choice\"><input type=\"radio\" id=\"wpforms-108-field_8_9\" data-other-choice=\"true\" name=\"wpforms[fields][8]\" value=\"Autre\" aria-errormessage=\"wpforms-108-field_8_9-error\" required><label class=\"wpforms-field-label-inline\" for=\"wpforms-108-field_8_9\">Other<\/label><\/li><\/ul><input type=\"text\" id=\"wpforms-108-field_8_other\" class=\"wpforms-other-input wpforms-field-required wpforms-field-medium wpforms-hidden\" name=\"wpforms[fields][8][other]\" disabled=\"disabled\" required><\/fieldset><\/div>\t\t<div id=\"wpforms-108-field_12-container\"\n\t\t\tclass=\"wpforms-field wpforms-field-text\"\n\t\t\tdata-field-type=\"text\"\n\t\t\tdata-field-id=\"12\"\n\t\t\t>\n\t\t\t<label class=\"wpforms-field-label\" for=\"wpforms-108-field_12\" >p\u00e9riode) Lieu l&#039;\u00e9v\u00e9nement<\/label>\n\t\t\t<input type=\"text\" id=\"wpforms-108-field_12\" class=\"wpforms-field-medium\" name=\"wpforms[fields][12]\" >\n\t\t<\/div>\n\t\t<div id=\"wpforms-108-field_9-container\" class=\"wpforms-field wpforms-field-select wpforms-field-select-style-classic\" data-field-id=\"9\"><label class=\"wpforms-field-label\" for=\"wpforms-108-field_9\">Requested services <span class=\"wpforms-required-label\" aria-hidden=\"true\">*<\/span><\/label><select id=\"wpforms-108-field_9\" class=\"wpforms-field-medium wpforms-field-required\" name=\"wpforms[fields][9]\" required=\"required\"><option value=\"\" class=\"placeholder\" disabled>--- Select Choice ---<\/option><option value=\"Division Chronom\u00e9trage\"  selected='selected' class=\"choice-1 depth-1\"  >Timing Division<\/option><option value=\"Division Animation\"  class=\"choice-2 depth-1\"  >Announcing Division<\/option><option value=\"Offre combin\u00e9e\"  class=\"choice-3 depth-1\"  >Combined package<\/option><option value=\"\u00c0 discuter\"  class=\"choice-4 depth-1\"  >To discuss<\/option><\/select><\/div><div id=\"wpforms-108-field_10-container\" class=\"wpforms-field wpforms-field-text\" data-field-id=\"10\"><label class=\"wpforms-field-label\" for=\"wpforms-108-field_10\">Estimated number of participants <span class=\"wpforms-required-label\" aria-hidden=\"true\">*<\/span><\/label><input type=\"text\" id=\"wpforms-108-field_10\" class=\"wpforms-field-medium wpforms-field-required\" name=\"wpforms[fields][10]\" aria-errormessage=\"wpforms-108-field_10-error\" required><\/div><div id=\"wpforms-108-field_3-container\" class=\"wpforms-field wpforms-field-textarea\" data-field-id=\"3\"><label class=\"wpforms-field-label\" for=\"wpforms-108-field_3\">Additional comments or message<\/label><textarea id=\"wpforms-108-field_3\" class=\"wpforms-field-medium\" name=\"wpforms[fields][3]\" aria-errormessage=\"wpforms-108-field_3-error\" ><\/textarea><\/div><script>\n\t\t\t\t( function() {\n\t\t\t\t\tconst style = document.createElement( 'style' );\n\t\t\t\t\tstyle.appendChild( document.createTextNode( '#wpforms-108-field_12-container { position: absolute !important; overflow: hidden !important; display: inline !important; height: 1px !important; width: 1px !important; z-index: -1000 !important; padding: 0 !important; } #wpforms-108-field_12-container input { visibility: hidden; } #wpforms-conversational-form-page #wpforms-108-field_12-container label { counter-increment: none; }' ) );\n\t\t\t\t\tdocument.head.appendChild( style );\n\t\t\t\t\tdocument.currentScript?.remove();\n\t\t\t\t} )();\n\t\t\t<\/script><\/div><!-- .wpforms-field-container --><div class=\"wpforms-submit-container\" ><input type=\"hidden\" name=\"wpforms[id]\" value=\"108\"><input type=\"hidden\" name=\"page_title\" value=\"\"><input type=\"hidden\" name=\"page_url\" value=\"https:\/\/mcsportedge.com\/en\/wp-json\/wp\/v2\/pages\/11\"><input type=\"hidden\" name=\"url_referer\" value=\"\"><button type=\"submit\" name=\"wpforms[submit]\" id=\"wpforms-submit-108\" class=\"wpforms-submit\" data-alt-text=\"Envoie en cours...\" data-submit-text=\"Envoyer\" aria-live=\"assertive\" value=\"wpforms-submit\">Send<\/button><img decoding=\"async\" src=\"https:\/\/mcsportedge.com\/wp-content\/plugins\/wpforms-lite\/assets\/images\/submit-spin.svg\" class=\"wpforms-submit-spinner\" style=\"display: none;\" width=\"26\" height=\"26\" alt=\"Loading\"><\/div><input type=\"hidden\" name=\"trp-form-language\" value=\"en\"\/><\/form><\/div>  <!-- .wpforms-container -->\n\n      <\/div>\n    <\/div>\n  <\/section>\n\n  <!-- SECTION COORDONN\u00c9ES DIRECTES -->\n  <section>\n    <div class=\"mc-container\">\n      <div class=\"mc-card\">\n        <h2>Direct contact<\/h2>\n        <p>\n          For quick questions, last-minute urgencies, or a first direct contact, you can also reach us by email.\n        <\/p>\n\n        <ul class=\"mc-info-list\">\n          <li>\n            <span class=\"mc-info-label\">Email<\/span>\n            <span class=\"mc-info-value\">\n              <a href=\"mailto:info@mcsportedge.com\">info@mcsportedge.com<\/a>\n            <\/span>\n          <\/li>\n          <li>\n            <span class=\"mc-info-label\">Based in<\/span>\n            <span class=\"mc-info-value\">Sherbrooke, Qu\u00e9bec \u2014 travel available across Qu\u00e9bec and Canada<\/span>\n          <\/li>\n        <\/ul>\n      <\/div>\n    <\/div>\n  <\/section>\n\n  <!-- SECTION CTA FINAL -->\n  <section>\n    <div class=\"mc-container\">\n      <div class=\"mc-cta-final\">\n        <h2>Have a project in mind?<\/h2>\n        <p>\n          Even if your event is still just an idea or a rough draft, it\u2019s never too early to talk. Strong structure from the start makes everything else easier.\n        <\/p>\n        <p style=\"font-size:13px; color:#4b5563;\">\n          Use the form above or email us directly.\n        <\/p>\n      <\/div>\n    <\/div>\n  <\/section>\n\n<\/div>\n<\/body>\n<\/html>","protected":false},"excerpt":{"rendered":"<p>Contact \u2013 MC Sport Contact Parler de votre \u00e9v\u00e9nement Vous pr\u00e9parez une course, une s\u00e9rie ou un championnat et vous voulez un chronom\u00e9trage fiable, une animation professionnelle ou une offre [&hellip;]<\/p>","protected":false},"author":1,"featured_media":0,"parent":0,"menu_order":0,"comment_status":"closed","ping_status":"closed","template":"","meta":{"_acf_changed":false,"footnotes":""},"class_list":["post-11","page","type-page","status-publish","hentry"],"blocksy_meta":[],"acf":[],"_hostinger_reach_plugin_has_subscription_block":false,"_hostinger_reach_plugin_is_elementor":false,"_links":{"self":[{"href":"https:\/\/mcsportedge.com\/en\/wp-json\/wp\/v2\/pages\/11","targetHints":{"allow":["GET"]}}],"collection":[{"href":"https:\/\/mcsportedge.com\/en\/wp-json\/wp\/v2\/pages"}],"about":[{"href":"https:\/\/mcsportedge.com\/en\/wp-json\/wp\/v2\/types\/page"}],"author":[{"embeddable":true,"href":"https:\/\/mcsportedge.com\/en\/wp-json\/wp\/v2\/users\/1"}],"replies":[{"embeddable":true,"href":"https:\/\/mcsportedge.com\/en\/wp-json\/wp\/v2\/comments?post=11"}],"version-history":[{"count":12,"href":"https:\/\/mcsportedge.com\/en\/wp-json\/wp\/v2\/pages\/11\/revisions"}],"predecessor-version":[{"id":406,"href":"https:\/\/mcsportedge.com\/en\/wp-json\/wp\/v2\/pages\/11\/revisions\/406"}],"wp:attachment":[{"href":"https:\/\/mcsportedge.com\/en\/wp-json\/wp\/v2\/media?parent=11"}],"curies":[{"name":"wp","href":"https:\/\/api.w.org\/{rel}","templated":true}]}}