{"id":9,"date":"2025-11-24T16:58:36","date_gmt":"2025-11-24T16:58:36","guid":{"rendered":"https:\/\/mcsportedge.com\/?page_id=9"},"modified":"2026-01-06T21:39:35","modified_gmt":"2026-01-06T21:39:35","slug":"resultats","status":"publish","type":"page","link":"https:\/\/mcsportedge.com\/en\/resultats\/","title":{"rendered":"Results"},"content":{"rendered":"<div class=\"mc-results-current-page\">\n      <div class=\"mc-container\">\n\n        <!-- HEADER + IMAGE -->\n        <div class=\"mc-results-header-wrap\">\n          <div class=\"mc-results-header\">\n            <div class=\"mc-tag\">\n              <span class=\"dot\"><\/span>\n              <span>Official Results<\/span>\n            <\/div>\n            <h1>2026 Season Results<\/h1>\n            <p>\n              Find all events timed by MC Sport for\n              <strong>2026<\/strong>. Events that are Announcing Division only are not listed.\n            <\/p>\n\n                      <\/div>\n\n          <aside class=\"mc-results-hero-image\">\n            <div class=\"mc-results-hero-inner\">\n              <img decoding=\"async\" src=\"\/wp-content\/Image%20Site%20Web\/resultat.png\" alt=\"R\u00e9sultats MC Sport\" loading=\"lazy\">\n            <\/div>\n          <\/aside>\n        <\/div>\n\n        \n          <p class=\"mc-results-empty\">\n            There are no published results yet for\n            <strong>2026<\/strong>.<br \/>\n            Check back after the first event of the year to view the official results.\n          <\/p>\n\n              <\/div>\n    <\/div>\n\n    <style>\n      html,\n      body {\n        background: #FDFBF3 !important;\n        color: #111827;\n      }\n\n      .site,\n      .ct-main,\n      .ct-pageContent,\n      .entry-content {\n        background: #FDFBF3 !important;\n      }\n\n      .mc-results-current-page {\n        background: #FDFBF3;\n        color: #111827;\n        padding: 56px 0 48px;\n      }\n\n      .mc-results-current-page .mc-container {\n        max-width: 1120px;\n        margin: 0 auto;\n        padding: 0 16px;\n        font-family: system-ui, -apple-system, BlinkMacSystemFont, \"Segoe UI\", sans-serif;\n      }\n\n      .mc-results-header-wrap {\n        display: grid;\n        grid-template-columns: minmax(0, 1.6fr) minmax(0, 1.2fr);\n        gap: 24px;\n        align-items: stretch;\n        margin-bottom: 26px;\n      }\n\n      .mc-results-header h1 {\n        font-size: 28px;\n        letter-spacing: 0.08em;\n        text-transform: uppercase;\n        margin: 6px 0 12px;\n        color: #111827;\n      }\n\n      .mc-results-header p {\n        color: #4b5563;\n        font-size: 14px;\n        max-width: 640px;\n      }\n\n      .mc-tag {\n        display: inline-flex;\n        align-items: center;\n        gap: 6px;\n        font-size: 11px;\n        letter-spacing: 0.18em;\n        text-transform: uppercase;\n        color: #111827;\n        margin-bottom: 4px;\n      }\n\n      .mc-tag .dot {\n        width: 8px;\n        height: 8px;\n        border-radius: 999px;\n        background: #111827;\n        box-shadow: 0 0 14px rgba(226,211,133,0.9);\n      }\n\n      .mc-results-hero-image {\n        border-radius: 18px;\n        border: 1px solid #e5e7eb;\n        background: radial-gradient(circle at top, rgba(226,211,133,0.25) 0, #FDFBF3 60%);\n        overflow: hidden;\n        display: flex;\n        align-items: center;\n        justify-content: center;\n      }\n\n      .mc-results-hero-inner {\n        width: 100%;\n        height: 100%;\n        max-height: 320px;\n      }\n\n      .mc-results-hero-inner img {\n        width: 100%;\n        height: 100%;\n        object-fit: cover;\n        display: block;\n        transform: scale(1.03);\n        transition: transform 0.4s ease;\n      }\n\n      .mc-results-hero-image:hover img {\n        transform: scale(1.07);\n      }\n\n      .mc-results-empty {\n        margin-top: 24px;\n        font-size: 14px;\n        color: #4b5563;\n      }\n\n      \/* Cumulatif chips (s\u00e9ries) sur fond p\u00e2le *\/\n      .mc-results-cumul-chips {\n        margin-top: 22px;\n        margin-bottom: 10px;\n        padding: 16px 18px;\n        border-radius: 18px;\n        border: 1px solid rgba(226,211,133,0.6);\n        background: radial-gradient(circle at top left, rgba(226,211,133,0.30) 0, #fffaf0 55%);\n        display: flex;\n        flex-wrap: wrap;\n        gap: 10px;\n        align-items: center;\n      }\n\n      .mc-results-cumul-label {\n        font-size: 12px;\n        text-transform: uppercase;\n        letter-spacing: 0.18em;\n        color: #111827;\n        font-weight: 600;\n      }\n\n      .mc-results-cumul-chiplist {\n        display: flex;\n        flex-wrap: wrap;\n        gap: 8px;\n      }\n\n      .mc-chip {\n        display: inline-flex;\n        align-items: center;\n        gap: 6px;\n        border-radius: 999px;\n        padding: 6px 12px;\n        font-size: 13px;\n        border: 1px solid #d1d5db;\n        background: #111827;\n        color: #f9fafb;\n        text-decoration: none;\n        transition: all 0.18s ease;\n        box-shadow: 0 8px 18px rgba(15,23,42,0.35);\n      }\n\n      .mc-chip:hover {\n        border-color: #E2D385;\n        background: #1f2937;\n        transform: translateY(-1px);\n      }\n\n      .mc-chip-sport {\n        font-size: 11px;\n        color: #e5e7eb;\n      }\n\n      \/* Toolbar : search + filtres *\/\n      .mc-results-toolbar {\n        display: flex;\n        flex-wrap: wrap;\n        gap: 14px;\n        align-items: center;\n        justify-content: space-between;\n        margin-bottom: 18px;\n        margin-top: 6px;\n      }\n\n      .mc-results-search {\n        flex: 1 1 220px;\n        max-width: 360px;\n      }\n\n      .mc-results-filters {\n        display: flex;\n        flex-wrap: wrap;\n        gap: 8px;\n        justify-content: flex-end;\n      }\n\n      .mc-results-filter-btn {\n        border-radius: 999px;\n        border: 1px solid #d1d5db;\n        background: #f3f4f6;\n        color: #374151;\n        padding: 5px 12px;\n        cursor: pointer;\n        font-size: 11px;\n        text-transform: uppercase;\n        letter-spacing: 0.12em;\n        transition: all 0.18s ease;\n        white-space: nowrap;\n      }\n\n      .mc-results-filter-btn.is-active,\n      .mc-results-filter-btn:hover {\n        border-color: #E2D385;\n        color: #111827;\n        background: rgba(226,211,133,0.18);\n      }\n\n      \/* GRID R\u00c9SULTATS : cartes fonc\u00e9es sur fond p\u00e2le *\/\n      .mc-results-grid {\n        display: grid;\n        grid-template-columns: repeat(2, minmax(0, 1fr));\n        gap: 18px;\n        margin-top: 6px;\n      }\n\n      .mc-result-card {\n        background: #111827;\n        border-radius: 16px;\n        border: 1px solid #272b37;\n        padding: 16px 18px 16px;\n        box-shadow: 0 14px 30px rgba(15,23,42,0.55);\n        transition: transform 0.18s ease, box-shadow 0.18s ease, border-color 0.18s ease;\n        color: #f9fafb;\n      }\n\n      .mc-result-card:hover {\n        transform: translateY(-3px);\n        border-color: rgba(226,211,133,0.6);\n        box-shadow: 0 18px 36px rgba(15,23,42,0.75);\n      }\n\n      .mc-card-top {\n        display: flex;\n        align-items: flex-start;\n        gap: 12px;\n      }\n\n      .mc-result-logo-wrap {\n        flex-shrink: 0;\n        width: 60px;\n        height: 60px;\n        border-radius: 16px;\n        overflow: hidden;\n        border: 1px solid #272b37;\n        background: #020617;\n        display: flex;\n        align-items: center;\n        justify-content: center;\n      }\n\n      .mc-result-logo-wrap.mc-result-logo-placeholder span {\n        font-size: 16px;\n        font-weight: 700;\n        letter-spacing: 0.1em;\n        color: #E2D385;\n      }\n\n      .mc-result-logo {\n        max-width: 100%;\n        max-height: 100%;\n        object-fit: contain;\n        display: block;\n      }\n\n      .mc-card-main {\n        flex: 1;\n      }\n\n      .mc-result-meta {\n        font-size: 13px;\n        text-transform: uppercase;\n        letter-spacing: 0.14em;\n        color: #9ca3af;\n        margin-bottom: 4px;\n      }\n\n      .mc-result-title {\n        font-size: 18px;\n        font-weight: 600;\n        margin-bottom: 6px;\n        color: #f9fafb;\n      }\n\n      .mc-result-tags {\n        display: flex;\n        flex-wrap: wrap;\n        gap: 6px;\n        margin: 4px 0 2px;\n      }\n\n      .mc-result-tag {\n        padding: 3px 8px;\n        border-radius: 999px;\n        border: 1px solid #272b37;\n        font-size: 11px;\n        text-transform: uppercase;\n        letter-spacing: 0.12em;\n        color: #e5e7eb;\n      }\n\n      .mc-result-tag-service {\n        border-color: rgba(226,211,133,0.35);\n        color: #E2D385;\n      }\n\n      .mc-result-subtext {\n        font-size: 13px;\n        color: #d1d5db;\n        margin: 10px 0 12px;\n      }\n\n      .mc-result-actions {\n        display: flex;\n        flex-wrap: wrap;\n        gap: 8px;\n      }\n\n      .mc-btn {\n        display: inline-block;\n        padding: 8px 16px;\n        border-radius: 999px;\n        font-size: 13px;\n        font-weight: 600;\n        border: 1px solid #E2D385;\n        background: transparent;\n        color: #E2D385;\n        text-decoration: none;\n        transition: all 0.18s ease;\n        white-space: nowrap;\n      }\n\n      .mc-btn:hover {\n        text-decoration: none;\n      }\n\n      .mc-results-current-page .mc-btn.mc-btn-primary,\n      .mc-results-current-page a.mc-btn.mc-btn-primary {\n        background: #E2D385;\n        color: #111827 !important;\n      }\n\n      .mc-results-current-page .mc-btn.mc-btn-primary:hover,\n      .mc-results-current-page a.mc-btn.mc-btn-primary:hover {\n        background: #E2D385;\n        color: #000000 !important;\n        filter: brightness(0.96);\n      }\n\n      .mc-btn-outline:hover {\n        background: rgba(226,211,133,0.08);\n        color: #E2D385 !important;\n      }\n\n      \/* Barre de recherche adapt\u00e9e au fond p\u00e2le *\/\n      .mc-results-current-page .mc-results-search input,\n      .mc-results-current-page #mcResultsSearch,\n      .mc-results-current-page .mc-results-search input[type=\"text\"],\n      .mc-results-current-page .mc-results-search input[type=\"search\"] {\n        border-radius: 999px;\n        border: 1px solid #111827 !important;\n        background: #FDFBF3 !important;\n        color: #111827 !important;\n        padding: 8px 14px;\n        font-size: 14px;\n        outline: none;\n        transition: border-color 0.18s ease, box-shadow 0.18s ease, background 0.18s ease;\n        caret-color: #111827;\n      }\n\n      .mc-results-current-page .mc-results-search input::placeholder,\n      .mc-results-current-page #mcResultsSearch::placeholder {\n        color: rgba(17, 24, 39, 0.55) !important;\n      }\n\n      .mc-results-current-page .mc-results-search input:focus,\n      .mc-results-current-page #mcResultsSearch:focus {\n        border-color: #111827 !important;\n        box-shadow: 0 0 0 1px rgba(17, 24, 39, 0.25);\n        background: #fefcf6 !important;\n      }\n\n      \/* Section cumulatif group\u00e9e par s\u00e9rie *\/\n      .mc-cumul-section {\n        margin-top: 40px;\n        border-top: 1px solid #e5e7eb;\n        padding-top: 24px;\n      }\n\n      .mc-cumul-section h2 {\n        font-size: 20px;\n        margin: 0 0 8px;\n        color: #111827;\n      }\n\n      .mc-cumul-section p {\n        margin: 0 0 18px;\n        font-size: 14px;\n        color: #4b5563;\n      }\n\n      .mc-cumul-serie {\n        margin-bottom: 18px;\n        padding: 14px 16px;\n        border-radius: 14px;\n        background: #f9fafb;\n        border: 1px solid #e5e7eb;\n      }\n\n      .mc-cumul-serie h3 {\n        margin: 0 0 8px;\n        font-size: 16px;\n        color: #111827;\n      }\n\n      .mc-cumul-list {\n        list-style: none;\n        padding: 0;\n        margin: 4px 0 0;\n        font-size: 14px;\n      }\n\n      .mc-cumul-list li {\n        margin-bottom: 4px;\n      }\n\n      .mc-cumul-list a {\n        color: #b89b2d;\n        text-decoration: none;\n      }\n\n      .mc-cumul-list a:hover {\n        text-decoration: underline;\n      }\n\n      .mc-cumul-sport {\n        font-size: 12px;\n        color: #6b7280;\n      }\n\n      @media (max-width: 960px) {\n        .mc-results-header-wrap {\n          grid-template-columns: 1fr;\n        }\n        .mc-results-hero-inner {\n          max-height: 260px;\n        }\n        .mc-results-cumul-chips {\n          align-items: flex-start;\n        }\n      }\n\n      @media (max-width: 768px) {\n        .mc-results-current-page {\n          padding: 40px 0 36px;\n        }\n        .mc-results-grid {\n          grid-template-columns: 1fr;\n        }\n        .mc-results-header h1 {\n          font-size: 22px;\n        }\n        .mc-results-toolbar {\n          align-items: stretch;\n          flex-direction: column;\n        }\n        .mc-results-search {\n          max-width: 100%;\n        }\n        .mc-results-filters {\n          justify-content: flex-start;\n        }\n      }\n    <\/style>\n\n    <script>\n      (function() {\n        const buttons = document.querySelectorAll('.mc-results-filter-btn');\n        const cards   = document.querySelectorAll('.mc-result-card');\n        const searchInput = document.getElementById('mcResultsSearch');\n\n        if (!cards.length) return;\n\n        let activeSport = 'all';\n        let searchTerm  = '';\n\n        function applyFilters() {\n          const q = (searchTerm || '').toLowerCase().trim();\n\n          cards.forEach(card => {\n            const sport = card.getAttribute('data-sport') || '';\n            const searchData = card.getAttribute('data-search') || '';\n\n            const matchesSport  = (activeSport === 'all') || (sport === activeSport);\n            const matchesSearch = !q || searchData.indexOf(q) !== -1;\n\n            if (matchesSport && matchesSearch) {\n              card.style.display = '';\n            } else {\n              card.style.display = 'none';\n            }\n          });\n        }\n\n        if (buttons.length) {\n          buttons.forEach(btn => {\n            btn.addEventListener('click', () => {\n              activeSport = btn.getAttribute('data-filter') || 'all';\n              buttons.forEach(b => b.classList.remove('is-active'));\n              btn.classList.add('is-active');\n              applyFilters();\n            });\n          });\n        }\n\n        if (searchInput) {\n          searchInput.addEventListener('input', function() {\n            searchTerm = this.value || '';\n            applyFilters();\n          });\n        }\n      })();\n    <\/script>\n\n    \n\n\n\n<p><\/p>","protected":false},"excerpt":{"rendered":"","protected":false},"author":1,"featured_media":0,"parent":0,"menu_order":0,"comment_status":"closed","ping_status":"closed","template":"","meta":{"_acf_changed":false,"footnotes":""},"class_list":["post-9","page","type-page","status-publish","hentry"],"blocksy_meta":[],"acf":[],"_hostinger_reach_plugin_has_subscription_block":false,"_hostinger_reach_plugin_is_elementor":false,"_links":{"self":[{"href":"https:\/\/mcsportedge.com\/en\/wp-json\/wp\/v2\/pages\/9","targetHints":{"allow":["GET"]}}],"collection":[{"href":"https:\/\/mcsportedge.com\/en\/wp-json\/wp\/v2\/pages"}],"about":[{"href":"https:\/\/mcsportedge.com\/en\/wp-json\/wp\/v2\/types\/page"}],"author":[{"embeddable":true,"href":"https:\/\/mcsportedge.com\/en\/wp-json\/wp\/v2\/users\/1"}],"replies":[{"embeddable":true,"href":"https:\/\/mcsportedge.com\/en\/wp-json\/wp\/v2\/comments?post=9"}],"version-history":[{"count":3,"href":"https:\/\/mcsportedge.com\/en\/wp-json\/wp\/v2\/pages\/9\/revisions"}],"predecessor-version":[{"id":96,"href":"https:\/\/mcsportedge.com\/en\/wp-json\/wp\/v2\/pages\/9\/revisions\/96"}],"wp:attachment":[{"href":"https:\/\/mcsportedge.com\/en\/wp-json\/wp\/v2\/media?parent=9"}],"curies":[{"name":"wp","href":"https:\/\/api.w.org\/{rel}","templated":true}]}}